{"id":3591,"date":"2023-01-24T11:02:26","date_gmt":"2023-01-24T11:02:26","guid":{"rendered":"https:\/\/klingseisen.info\/legal-notice\/"},"modified":"2024-10-25T13:51:41","modified_gmt":"2024-10-25T13:51:41","slug":"legal-notice","status":"publish","type":"page","link":"https:\/\/klingseisen.info\/ja\/legal-notice\/","title":{"rendered":"Legal Notice"},"content":{"rendered":"\t\t<div data-elementor-type=\"wp-page\" data-elementor-id=\"3591\" class=\"elementor elementor-3591 elementor-1481\" data-elementor-post-type=\"page\">\n\t\t\t\t\t\t<section class=\"elementor-section elementor-top-section elementor-element elementor-element-451c681 elementor-section-content-top elementor-section-boxed elementor-section-height-default elementor-section-height-default\" data-id=\"451c681\" data-element_type=\"section\" data-e-type=\"section\" data-settings=\"{&quot;background_background&quot;:&quot;classic&quot;}\">\n\t\t\t\t\t\t<div class=\"elementor-container elementor-column-gap-no\">\n\t\t\t\t\t<div class=\"elementor-column elementor-col-100 elementor-top-column elementor-element elementor-element-8c32a65\" data-id=\"8c32a65\" data-element_type=\"column\" data-e-type=\"column\">\n\t\t\t<div class=\"elementor-widget-wrap elementor-element-populated\">\n\t\t\t\t\t\t<section class=\"elementor-section elementor-inner-section elementor-element elementor-element-1a32bda elementor-section-content-top elementor-section-boxed elementor-section-height-default elementor-section-height-default\" data-id=\"1a32bda\" data-element_type=\"section\" data-e-type=\"section\">\n\t\t\t\t\t\t<div class=\"elementor-container elementor-column-gap-no\">\n\t\t\t\t\t<div class=\"elementor-column elementor-col-100 elementor-inner-column elementor-element elementor-element-9f0fdf8\" data-id=\"9f0fdf8\" data-element_type=\"column\" data-e-type=\"column\">\n\t\t\t<div class=\"elementor-widget-wrap elementor-element-populated\">\n\t\t\t\t\t\t<div class=\"elementor-element elementor-element-c67d21d elementor-widget elementor-widget-heading\" data-id=\"c67d21d\" data-element_type=\"widget\" data-e-type=\"widget\" data-widget_type=\"heading.default\">\n\t\t\t\t<div class=\"elementor-widget-container\">\n\t\t\t\t\t<h2 class=\"elementor-heading-title elementor-size-default\">Legal Notice<\/h2>\t\t\t\t<\/div>\n\t\t\t\t<\/div>\n\t\t\t\t\t<\/div>\n\t\t<\/div>\n\t\t\t\t\t<\/div>\n\t\t<\/section>\n\t\t\t\t<section class=\"elementor-section elementor-inner-section elementor-element elementor-element-ba824eb elementor-section-content-middle elementor-section-boxed elementor-section-height-default elementor-section-height-default\" data-id=\"ba824eb\" data-element_type=\"section\" data-e-type=\"section\">\n\t\t\t\t\t\t<div class=\"elementor-container elementor-column-gap-no\">\n\t\t\t\t\t<div class=\"elementor-column elementor-col-100 elementor-inner-column elementor-element elementor-element-98cf744\" data-id=\"98cf744\" data-element_type=\"column\" data-e-type=\"column\">\n\t\t\t<div class=\"elementor-widget-wrap elementor-element-populated\">\n\t\t\t\t\t\t<div class=\"elementor-element elementor-element-7f30df3 elementor-widget elementor-widget-text-editor\" data-id=\"7f30df3\" data-element_type=\"widget\" data-e-type=\"widget\" data-widget_type=\"text-editor.default\">\n\t\t\t\t<div class=\"elementor-widget-container\">\n\t\t\t\t\t\t\t\t\t<p><strong>Klingseisen Rings &amp; Partner<\/strong><br \/>Patent Attorneys<br \/>Br\u00e4uhausstra\u00dfe 2<br \/>80331 M\u00fcnchen<\/p><p>\u00a0<\/p><p><strong>\u30e1\u30c7\u30a3\u30a2\u30b5\u30fc\u30d3\u30b9\u5dde\u969b\u5354\u5b9a\uff16\u6761\u306b\u3088\u308b\u5185\u5bb9\u306b\u95a2\u3059\u308b\u8cac\u4efb\uff1a<\/strong><\/p><p>\u30ed\u30eb\u30d5\u30fb\u30ea\u30f3\u30b0\u30b9<\/p><p>\u00a0<\/p><p><strong>\u30d1\u30fc\u30c8\u30ca\u30fc\u30b7\u30e3\u30d5\u30c8\u767b\u8a18\u756a\u53f7\uff1a<\/strong><\/p><p>PR634 M\u00fcnchen<\/p><p>\u00a0<\/p><p><strong>Professional liability insurance:<\/strong><br \/>ERGO Versicherung AG<br \/>Victoriaplatz 1<br \/>40477 D\u00fcsseldorf<\/p><p>Scope: worldwide<\/p><p>VAT-No.: DE 614 714 321<\/p>\t\t\t\t\t\t\t\t<\/div>\n\t\t\t\t<\/div>\n\t\t\t\t\t<\/div>\n\t\t<\/div>\n\t\t\t\t\t<\/div>\n\t\t<\/section>\n\t\t\t\t<section class=\"elementor-section elementor-inner-section elementor-element elementor-element-34671ce elementor-section-content-middle elementor-section-boxed elementor-section-height-default elementor-section-height-default\" data-id=\"34671ce\" data-element_type=\"section\" data-e-type=\"section\">\n\t\t\t\t\t\t<div class=\"elementor-container elementor-column-gap-no\">\n\t\t\t\t\t<div class=\"elementor-column elementor-col-100 elementor-inner-column elementor-element elementor-element-4acd443\" data-id=\"4acd443\" data-element_type=\"column\" data-e-type=\"column\">\n\t\t\t<div class=\"elementor-widget-wrap elementor-element-populated\">\n\t\t\t\t\t\t<div class=\"elementor-element elementor-element-e743273 elementor-widget elementor-widget-text-editor\" data-id=\"e743273\" data-element_type=\"widget\" data-e-type=\"widget\" data-widget_type=\"text-editor.default\">\n\t\t\t\t<div class=\"elementor-widget-container\">\n\t\t\t\t\t\t\t\t\t<p>\u901a\u4fe1\u30b5\u30fc\u30d3\u30b9\u6cd5\uff16\u6761\u306b\u5f93\u3044\u3001\u79c1\u305f\u3061\u306f\u4e8b\u52d9\u6240\u306e\u30d1\u30fc\u30c8\u30ca\u30fc\u5168\u54e1\u304c\u5f01\u7406\u58eb\uff08\u30c9\u30a4\u30c4\uff09\u306a\u3089\u3073\u306b\u30df\u30e5\u30f3\u30d8\u30f3\u306e\u6b27\u5dde\u7279\u8a31\u5e81\uff08\u6b27\u5dde\u7279\u8a31\u5f01\u7406\u58eb\uff09\u304a\u3088\u3073\u30a2\u30ea\u30ab\u30f3\u30c6\u306e\u6b27\u5dde\u5171\u540c\u4f53\u5546\u6a19\u610f\u5320\u5e81\uff08\u6b27\u5dde\u5546\u6a19\u5f01\u7406\u58eb\uff09\u306b\u304a\u3051\u308b\u767b\u9332\u4ee3\u7406\u4eba\u3067\u3042\u308b\u3053\u3068\u3092\u8a18\u8f09\u3057\u307e\u3059\u3002 \u30d1\u30fc\u30c8\u30ca\u30fc\u306f\u307e\u305f\u30c9\u30a4\u30c4\u5f01\u7406\u58eb\u4f1a\u304a\u3088\u3073\u5bfe\u6b27\u5dde\u7279\u8a31\u5e81\u4ee3\u7406\u4eba\u5354\u4f1a\uff08\uff45\uff50\uff49\uff09\u306b\u6240\u5c5e\u3057\u307e\u3059\u3002 \u8077\u52d9\u9042\u884c\u306e\u57fa\u6e96\u3068\u306a\u308b\u306e\u306f\u5f01\u7406\u58eb\u6cd5\uff08BGBL. I 1966, p. 557\u3001\u6700\u65b0\u6539\u8a02\u7248BGBL. I 2001, p. 3656\uff09\u3001\u5f01\u7406\u58eb\u8077\u52d9\u6cd5\uff08\u30c9\u30a4\u30c4\u7279\u8a31\u5546\u6a19\u5e81\u5831\u544a\u66f81997, p. 243\u4ee5\u4e0b\uff09\u3001\u56fd\u969b\u5f01\u7406\u58eb\u9023\u76df\uff08\uff26\uff29\uff23\uff30\uff29\uff09\u306e\u8077\u52d9\u898f\u7bc4\u304a\u3088\u3073\uff45\uff50\uff49\u306e\u8077\u52d9\u898f\u7bc4\uff08epi-information 2\/2001, p. 75\uff09\u3067\u3059\u3002<\/p>\n<p>\u4e8b\u52d9\u6240\u30ed\u30b4\u300c\u4e09\u89d2\u9310\u3092\u6709\u3059\u308b\u8f2a\u300d\u306f\u30c9\u30a4\u30c4\u7279\u8a31\u5546\u6a19\u5e81\u306b\u304a\u3044\u3066\u767b\u9332\u756a\u53f7307 83 241\u3067\u767b\u9332\u3055\u308c\u3066\u3044\u308b\u30c9\u30a4\u30c4\u306e\u5546\u6a19\u3067\u3059<\/p>\n\t\t\t\t\t\t\t\t<\/div>\n\t\t\t\t<\/div>\n\t\t\t\t\t<\/div>\n\t\t<\/div>\n\t\t\t\t\t<\/div>\n\t\t<\/section>\n\t\t\t\t<section class=\"elementor-section elementor-inner-section elementor-element elementor-element-dc6421c elementor-section-content-middle elementor-section-boxed elementor-section-height-default elementor-section-height-default\" data-id=\"dc6421c\" data-element_type=\"section\" data-e-type=\"section\">\n\t\t\t\t\t\t<div class=\"elementor-container elementor-column-gap-no\">\n\t\t\t\t\t<div class=\"elementor-column elementor-col-100 elementor-inner-column elementor-element elementor-element-5d73f1e\" data-id=\"5d73f1e\" data-element_type=\"column\" data-e-type=\"column\">\n\t\t\t<div class=\"elementor-widget-wrap elementor-element-populated\">\n\t\t\t\t\t\t<div class=\"elementor-element elementor-element-8b3fa46 elementor-widget elementor-widget-text-editor\" data-id=\"8b3fa46\" data-element_type=\"widget\" data-e-type=\"widget\" data-widget_type=\"text-editor.default\">\n\t\t\t\t<div class=\"elementor-widget-container\">\n\t\t\t\t\t\t\t\t\t<p><strong>\u30c7\u30b6\u30a4\u30f3\u30b3\u30f3\u30bb\u30d7\u30c8<\/strong><br>rankeffect digital GmbH<br>https:\/\/www.rankeffect.de\/online-marketing-agentur\/webdesign-agentur-muenchen<br><\/p>\t\t\t\t\t\t\t\t<\/div>\n\t\t\t\t<\/div>\n\t\t\t\t\t<\/div>\n\t\t<\/div>\n\t\t\t\t\t<\/div>\n\t\t<\/section>\n\t\t\t\t\t<\/div>\n\t\t<\/div>\n\t\t\t\t\t<\/div>\n\t\t<\/section>\n\t\t\t\t<\/div>\n\t\t","protected":false},"excerpt":{"rendered":"<p>Legal Notice Klingseisen Rings &amp; PartnerPatent AttorneysBr\u00e4uhausstra\u00dfe 280331 M\u00fcnchen \u00a0 \u30e1\u30c7\u30a3\u30a2\u30b5\u30fc\u30d3\u30b9\u5dde\u969b\u5354\u5b9a\uff16\u6761\u306b\u3088\u308b\u5185 [&hellip;]<\/p>\n","protected":false},"author":2,"featured_media":0,"parent":0,"menu_order":8,"comment_status":"closed","ping_status":"closed","template":"","meta":{"site-sidebar-layout":"no-sidebar","site-content-layout":"page-builder","ast-site-content-layout":"default","site-content-style":"default","site-sidebar-style":"default","ast-global-header-display":"","ast-banner-title-visibility":"","ast-main-header-display":"","ast-hfb-above-header-display":"","ast-hfb-below-header-display":"","ast-hfb-mobile-header-display":"","site-post-title":"disabled","ast-breadcrumbs-content":"disabled","ast-featured-img":"disabled","footer-sml-layout":"","theme-transparent-header-meta":"enabled","adv-header-id-meta":"","stick-header-meta":"","header-above-stick-meta":"","header-main-stick-meta":"","header-below-stick-meta":"","astra-migrate-meta-layouts":"default","ast-page-background-enabled":"default","ast-page-background-meta":{"desktop":{"background-color":"","background-image":"","background-repeat":"repeat","background-position":"center center","background-size":"auto","background-attachment":"scroll","background-type":"","background-media":"","overlay-type":"","overlay-color":"","overlay-opacity":"","overlay-gradient":""},"tablet":{"background-color":"","background-image":"","background-repeat":"repeat","background-position":"center center","background-size":"auto","background-attachment":"scroll","background-type":"","background-media":"","overlay-type":"","overlay-color":"","overlay-opacity":"","overlay-gradient":""},"mobile":{"background-color":"","background-image":"","background-repeat":"repeat","background-position":"center center","background-size":"auto","background-attachment":"scroll","background-type":"","background-media":"","overlay-type":"","overlay-color":"","overlay-opacity":"","overlay-gradient":""}},"ast-content-background-meta":{"desktop":{"background-color":"var(--ast-global-color-5)","background-image":"","background-repeat":"repeat","background-position":"center center","background-size":"auto","background-attachment":"scroll","background-type":"","background-media":"","overlay-type":"","overlay-color":"","overlay-opacity":"","overlay-gradient":""},"tablet":{"background-color":"var(--ast-global-color-5)","background-image":"","background-repeat":"repeat","background-position":"center center","background-size":"auto","background-attachment":"scroll","background-type":"","background-media":"","overlay-type":"","overlay-color":"","overlay-opacity":"","overlay-gradient":""},"mobile":{"background-color":"var(--ast-global-color-5)","background-image":"","background-repeat":"repeat","background-position":"center center","background-size":"auto","background-attachment":"scroll","background-type":"","background-media":"","overlay-type":"","overlay-color":"","overlay-opacity":"","overlay-gradient":""}},"footnotes":""},"class_list":["post-3591","page","type-page","status-publish","hentry"],"yoast_head":"<!-- This site is optimized with the Yoast SEO plugin v27.5 - https:\/\/yoast.com\/product\/yoast-seo-wordpress\/ -->\n<title>Legal Notice - Klingseisen Rings &amp; Partner Patentanw\u00e4lte<\/title>\n<meta name=\"robots\" content=\"index, follow, max-snippet:-1, max-image-preview:large, max-video-preview:-1\" \/>\n<link rel=\"canonical\" href=\"https:\/\/klingseisen.info\/ja\/legal-notice\/\" \/>\n<meta property=\"og:locale\" content=\"ja_JP\" \/>\n<meta property=\"og:type\" content=\"article\" \/>\n<meta property=\"og:title\" content=\"Legal Notice - Klingseisen Rings &amp; Partner Patentanw\u00e4lte\" \/>\n<meta property=\"og:description\" content=\"Legal Notice Klingseisen Rings &amp; PartnerPatent AttorneysBr\u00e4uhausstra\u00dfe 280331 M\u00fcnchen \u00a0 \u30e1\u30c7\u30a3\u30a2\u30b5\u30fc\u30d3\u30b9\u5dde\u969b\u5354\u5b9a\uff16\u6761\u306b\u3088\u308b\u5185 [&hellip;]\" \/>\n<meta property=\"og:url\" content=\"https:\/\/klingseisen.info\/ja\/legal-notice\/\" \/>\n<meta property=\"og:site_name\" content=\"Klingseisen Rings &amp; Partner Patentanw\u00e4lte\" \/>\n<meta property=\"article:modified_time\" content=\"2024-10-25T13:51:41+00:00\" \/>\n<meta name=\"twitter:card\" content=\"summary_large_image\" \/>\n<meta name=\"twitter:label1\" content=\"\u63a8\u5b9a\u8aad\u307f\u53d6\u308a\u6642\u9593\" \/>\n\t<meta name=\"twitter:data1\" content=\"2\u5206\" \/>\n<script type=\"application\/ld+json\" class=\"yoast-schema-graph\">{\"@context\":\"https:\\\/\\\/schema.org\",\"@graph\":[{\"@type\":\"WebPage\",\"@id\":\"https:\\\/\\\/klingseisen.info\\\/ja\\\/legal-notice\\\/\",\"url\":\"https:\\\/\\\/klingseisen.info\\\/ja\\\/legal-notice\\\/\",\"name\":\"Legal Notice - Klingseisen Rings &amp; Partner Patentanw\u00e4lte\",\"isPartOf\":{\"@id\":\"https:\\\/\\\/klingseisen.info\\\/ja\\\/#website\"},\"datePublished\":\"2023-01-24T11:02:26+00:00\",\"dateModified\":\"2024-10-25T13:51:41+00:00\",\"breadcrumb\":{\"@id\":\"https:\\\/\\\/klingseisen.info\\\/ja\\\/legal-notice\\\/#breadcrumb\"},\"inLanguage\":\"ja\",\"potentialAction\":[{\"@type\":\"ReadAction\",\"target\":[\"https:\\\/\\\/klingseisen.info\\\/ja\\\/legal-notice\\\/\"]}]},{\"@type\":\"BreadcrumbList\",\"@id\":\"https:\\\/\\\/klingseisen.info\\\/ja\\\/legal-notice\\\/#breadcrumb\",\"itemListElement\":[{\"@type\":\"ListItem\",\"position\":1,\"name\":\"Startseite\",\"item\":\"https:\\\/\\\/klingseisen.info\\\/ja\\\/\"},{\"@type\":\"ListItem\",\"position\":2,\"name\":\"Legal Notice\"}]},{\"@type\":\"WebSite\",\"@id\":\"https:\\\/\\\/klingseisen.info\\\/ja\\\/#website\",\"url\":\"https:\\\/\\\/klingseisen.info\\\/ja\\\/\",\"name\":\"Klingseisen\",\"description\":\"\",\"publisher\":{\"@id\":\"https:\\\/\\\/klingseisen.info\\\/ja\\\/#organization\"},\"potentialAction\":[{\"@type\":\"SearchAction\",\"target\":{\"@type\":\"EntryPoint\",\"urlTemplate\":\"https:\\\/\\\/klingseisen.info\\\/ja\\\/?s={search_term_string}\"},\"query-input\":{\"@type\":\"PropertyValueSpecification\",\"valueRequired\":true,\"valueName\":\"search_term_string\"}}],\"inLanguage\":\"ja\"},{\"@type\":\"Organization\",\"@id\":\"https:\\\/\\\/klingseisen.info\\\/ja\\\/#organization\",\"name\":\"Klingseisen Rings & Partner Patentanw\u00e4lte\",\"alternateName\":\"Klingseisen Rings und Partner Patentanw\u00e4lte\",\"url\":\"https:\\\/\\\/klingseisen.info\\\/ja\\\/\",\"logo\":{\"@type\":\"ImageObject\",\"inLanguage\":\"ja\",\"@id\":\"https:\\\/\\\/klingseisen.info\\\/ja\\\/#\\\/schema\\\/logo\\\/image\\\/\",\"url\":\"https:\\\/\\\/klingseisen.info\\\/wp-content\\\/uploads\\\/2022\\\/12\\\/cropped-Logo-Klingseisen.png\",\"contentUrl\":\"https:\\\/\\\/klingseisen.info\\\/wp-content\\\/uploads\\\/2022\\\/12\\\/cropped-Logo-Klingseisen.png\",\"width\":65,\"height\":68,\"caption\":\"Klingseisen Rings & Partner Patentanw\u00e4lte\"},\"image\":{\"@id\":\"https:\\\/\\\/klingseisen.info\\\/ja\\\/#\\\/schema\\\/logo\\\/image\\\/\"}}]}<\/script>\n<!-- \/ Yoast SEO plugin. -->","yoast_head_json":{"title":"Legal Notice - Klingseisen Rings &amp; Partner Patentanw\u00e4lte","robots":{"index":"index","follow":"follow","max-snippet":"max-snippet:-1","max-image-preview":"max-image-preview:large","max-video-preview":"max-video-preview:-1"},"canonical":"https:\/\/klingseisen.info\/ja\/legal-notice\/","og_locale":"ja_JP","og_type":"article","og_title":"Legal Notice - Klingseisen Rings &amp; Partner Patentanw\u00e4lte","og_description":"Legal Notice Klingseisen Rings &amp; PartnerPatent AttorneysBr\u00e4uhausstra\u00dfe 280331 M\u00fcnchen \u00a0 \u30e1\u30c7\u30a3\u30a2\u30b5\u30fc\u30d3\u30b9\u5dde\u969b\u5354\u5b9a\uff16\u6761\u306b\u3088\u308b\u5185 [&hellip;]","og_url":"https:\/\/klingseisen.info\/ja\/legal-notice\/","og_site_name":"Klingseisen Rings &amp; Partner Patentanw\u00e4lte","article_modified_time":"2024-10-25T13:51:41+00:00","twitter_card":"summary_large_image","twitter_misc":{"\u63a8\u5b9a\u8aad\u307f\u53d6\u308a\u6642\u9593":"2\u5206"},"schema":{"@context":"https:\/\/schema.org","@graph":[{"@type":"WebPage","@id":"https:\/\/klingseisen.info\/ja\/legal-notice\/","url":"https:\/\/klingseisen.info\/ja\/legal-notice\/","name":"Legal Notice - Klingseisen Rings &amp; Partner Patentanw\u00e4lte","isPartOf":{"@id":"https:\/\/klingseisen.info\/ja\/#website"},"datePublished":"2023-01-24T11:02:26+00:00","dateModified":"2024-10-25T13:51:41+00:00","breadcrumb":{"@id":"https:\/\/klingseisen.info\/ja\/legal-notice\/#breadcrumb"},"inLanguage":"ja","potentialAction":[{"@type":"ReadAction","target":["https:\/\/klingseisen.info\/ja\/legal-notice\/"]}]},{"@type":"BreadcrumbList","@id":"https:\/\/klingseisen.info\/ja\/legal-notice\/#breadcrumb","itemListElement":[{"@type":"ListItem","position":1,"name":"Startseite","item":"https:\/\/klingseisen.info\/ja\/"},{"@type":"ListItem","position":2,"name":"Legal Notice"}]},{"@type":"WebSite","@id":"https:\/\/klingseisen.info\/ja\/#website","url":"https:\/\/klingseisen.info\/ja\/","name":"Klingseisen","description":"","publisher":{"@id":"https:\/\/klingseisen.info\/ja\/#organization"},"potentialAction":[{"@type":"SearchAction","target":{"@type":"EntryPoint","urlTemplate":"https:\/\/klingseisen.info\/ja\/?s={search_term_string}"},"query-input":{"@type":"PropertyValueSpecification","valueRequired":true,"valueName":"search_term_string"}}],"inLanguage":"ja"},{"@type":"Organization","@id":"https:\/\/klingseisen.info\/ja\/#organization","name":"Klingseisen Rings & Partner Patentanw\u00e4lte","alternateName":"Klingseisen Rings und Partner Patentanw\u00e4lte","url":"https:\/\/klingseisen.info\/ja\/","logo":{"@type":"ImageObject","inLanguage":"ja","@id":"https:\/\/klingseisen.info\/ja\/#\/schema\/logo\/image\/","url":"https:\/\/klingseisen.info\/wp-content\/uploads\/2022\/12\/cropped-Logo-Klingseisen.png","contentUrl":"https:\/\/klingseisen.info\/wp-content\/uploads\/2022\/12\/cropped-Logo-Klingseisen.png","width":65,"height":68,"caption":"Klingseisen Rings & Partner Patentanw\u00e4lte"},"image":{"@id":"https:\/\/klingseisen.info\/ja\/#\/schema\/logo\/image\/"}}]}},"_links":{"self":[{"href":"https:\/\/klingseisen.info\/ja\/wp-json\/wp\/v2\/pages\/3591","targetHints":{"allow":["GET"]}}],"collection":[{"href":"https:\/\/klingseisen.info\/ja\/wp-json\/wp\/v2\/pages"}],"about":[{"href":"https:\/\/klingseisen.info\/ja\/wp-json\/wp\/v2\/types\/page"}],"author":[{"embeddable":true,"href":"https:\/\/klingseisen.info\/ja\/wp-json\/wp\/v2\/users\/2"}],"replies":[{"embeddable":true,"href":"https:\/\/klingseisen.info\/ja\/wp-json\/wp\/v2\/comments?post=3591"}],"version-history":[{"count":7,"href":"https:\/\/klingseisen.info\/ja\/wp-json\/wp\/v2\/pages\/3591\/revisions"}],"predecessor-version":[{"id":4177,"href":"https:\/\/klingseisen.info\/ja\/wp-json\/wp\/v2\/pages\/3591\/revisions\/4177"}],"wp:attachment":[{"href":"https:\/\/klingseisen.info\/ja\/wp-json\/wp\/v2\/media?parent=3591"}],"curies":[{"name":"wp","href":"https:\/\/api.w.org\/{rel}","templated":true}]}}