{"id":3389,"date":"2023-04-26T11:34:24","date_gmt":"2023-04-26T11:34:24","guid":{"rendered":"https:\/\/klingseisen.info\/protection-des-donnees\/"},"modified":"2024-02-23T09:32:32","modified_gmt":"2024-02-23T09:32:32","slug":"protection-des-donnees","status":"publish","type":"page","link":"https:\/\/klingseisen.info\/fr\/protection-des-donnees\/","title":{"rendered":"Protection des donn\u00e9es"},"content":{"rendered":"\t\t<div data-elementor-type=\"wp-page\" data-elementor-id=\"3389\" class=\"elementor elementor-3389 elementor-2143\" data-elementor-post-type=\"page\">\n\t\t\t\t\t\t<section class=\"elementor-section elementor-top-section elementor-element elementor-element-451c681 elementor-section-content-top elementor-section-boxed elementor-section-height-default elementor-section-height-default\" data-id=\"451c681\" data-element_type=\"section\" data-e-type=\"section\" data-settings=\"{&quot;background_background&quot;:&quot;classic&quot;}\">\n\t\t\t\t\t\t<div class=\"elementor-container elementor-column-gap-no\">\n\t\t\t\t\t<div class=\"elementor-column elementor-col-100 elementor-top-column elementor-element elementor-element-8c32a65\" data-id=\"8c32a65\" data-element_type=\"column\" data-e-type=\"column\">\n\t\t\t<div class=\"elementor-widget-wrap elementor-element-populated\">\n\t\t\t\t\t\t<section class=\"elementor-section elementor-inner-section elementor-element elementor-element-1a32bda elementor-section-content-top elementor-section-boxed elementor-section-height-default elementor-section-height-default\" data-id=\"1a32bda\" data-element_type=\"section\" data-e-type=\"section\">\n\t\t\t\t\t\t<div class=\"elementor-container elementor-column-gap-no\">\n\t\t\t\t\t<div class=\"elementor-column elementor-col-100 elementor-inner-column elementor-element elementor-element-9f0fdf8\" data-id=\"9f0fdf8\" data-element_type=\"column\" data-e-type=\"column\">\n\t\t\t<div class=\"elementor-widget-wrap elementor-element-populated\">\n\t\t\t\t\t\t<div class=\"elementor-element elementor-element-c67d21d elementor-widget elementor-widget-heading\" data-id=\"c67d21d\" data-element_type=\"widget\" data-e-type=\"widget\" data-widget_type=\"heading.default\">\n\t\t\t\t<div class=\"elementor-widget-container\">\n\t\t\t\t\t<h1 class=\"elementor-heading-title elementor-size-default\">Protection des donn\u00e9es<\/h1>\t\t\t\t<\/div>\n\t\t\t\t<\/div>\n\t\t\t\t\t<\/div>\n\t\t<\/div>\n\t\t\t\t\t<\/div>\n\t\t<\/section>\n\t\t\t\t<section class=\"elementor-section elementor-inner-section elementor-element elementor-element-ba824eb elementor-section-content-middle elementor-section-boxed elementor-section-height-default elementor-section-height-default\" data-id=\"ba824eb\" data-element_type=\"section\" data-e-type=\"section\">\n\t\t\t\t\t\t<div class=\"elementor-container elementor-column-gap-no\">\n\t\t\t\t\t<div class=\"elementor-column elementor-col-100 elementor-inner-column elementor-element elementor-element-98cf744\" data-id=\"98cf744\" data-element_type=\"column\" data-e-type=\"column\">\n\t\t\t<div class=\"elementor-widget-wrap elementor-element-populated\">\n\t\t\t\t\t\t<div class=\"elementor-element elementor-element-7f30df3 elementor-widget elementor-widget-text-editor\" data-id=\"7f30df3\" data-element_type=\"widget\" data-e-type=\"widget\" data-widget_type=\"text-editor.default\">\n\t\t\t\t<div class=\"elementor-widget-container\">\n\t\t\t\t\t\t\t\t\tCher visiteur, cher visiteur de notre site internet,<br>\ndans cette d\u00e9claration de protection des donn\u00e9es, nous vous expliquons quelles donn\u00e9es sont collect\u00e9es et trait\u00e9es lorsque vous visitez notre site Internet et \u00e0 quoi elles sont utilis\u00e9es.\n\nSi vous avez des questions sur la protection des donn\u00e9es avec nous, vous pouvez nous contacter par e-mail : patent@klingseisen.info\t\t\t\t\t\t\t\t<\/div>\n\t\t\t\t<\/div>\n\t\t\t\t\t<\/div>\n\t\t<\/div>\n\t\t\t\t\t<\/div>\n\t\t<\/section>\n\t\t\t\t<section class=\"elementor-section elementor-inner-section elementor-element elementor-element-dc6421c elementor-section-content-middle elementor-section-boxed elementor-section-height-default elementor-section-height-default\" data-id=\"dc6421c\" data-element_type=\"section\" data-e-type=\"section\">\n\t\t\t\t\t\t<div class=\"elementor-container elementor-column-gap-no\">\n\t\t\t\t\t<div class=\"elementor-column elementor-col-100 elementor-inner-column elementor-element elementor-element-5d73f1e\" data-id=\"5d73f1e\" data-element_type=\"column\" data-e-type=\"column\">\n\t\t\t<div class=\"elementor-widget-wrap elementor-element-populated\">\n\t\t\t\t\t\t<div class=\"elementor-element elementor-element-8b3fa46 elementor-widget elementor-widget-text-editor\" data-id=\"8b3fa46\" data-element_type=\"widget\" data-e-type=\"widget\" data-widget_type=\"text-editor.default\">\n\t\t\t\t<div class=\"elementor-widget-container\">\n\t\t\t\t\t\t\t\t\t<p><strong>1. Fonctionnalit\u00e9 de base de ce site Web<\/strong>:<br \/>Lorsque vous visitez ce site Internet, votre navigateur transmet les types de donn\u00e9es suivants, que nous stockons:<\/p>\n<p>\u2022 l&rsquo;adresse IP de l&rsquo;ordinateur acc\u00e9dant<br \/>\u2022 les requ\u00eates du serveur (par exemple les pages vues), y compris l&rsquo;heure<br \/>\u2022 le type de navigateur<\/p>\n<p>Ces donn\u00e9es sont techniquement n\u00e9cessaires pour afficher correctement les pages auxquelles vous avez acc\u00e9d\u00e9 sur ce site Internet. Ils peuvent \u00e9galement \u00eatre utilis\u00e9s, si n\u00e9cessaire, pour maintenir le fonctionnement s\u00e9curis\u00e9 de ce site Internet.<\/p>\n\t\t\t\t\t\t\t\t<\/div>\n\t\t\t\t<\/div>\n\t\t\t\t\t<\/div>\n\t\t<\/div>\n\t\t\t\t\t<\/div>\n\t\t<\/section>\n\t\t\t\t<section class=\"elementor-section elementor-inner-section elementor-element elementor-element-9870c3b elementor-section-content-middle elementor-section-boxed elementor-section-height-default elementor-section-height-default\" data-id=\"9870c3b\" data-element_type=\"section\" data-e-type=\"section\">\n\t\t\t\t\t\t<div class=\"elementor-container elementor-column-gap-no\">\n\t\t\t\t\t<div class=\"elementor-column elementor-col-100 elementor-inner-column elementor-element elementor-element-0250441\" data-id=\"0250441\" data-element_type=\"column\" data-e-type=\"column\">\n\t\t\t<div class=\"elementor-widget-wrap elementor-element-populated\">\n\t\t\t\t\t\t<div class=\"elementor-element elementor-element-851f6e3 elementor-widget elementor-widget-text-editor\" data-id=\"851f6e3\" data-element_type=\"widget\" data-e-type=\"widget\" data-widget_type=\"text-editor.default\">\n\t\t\t\t<div class=\"elementor-widget-container\">\n\t\t\t\t\t\t\t\t\t<p><strong>2. Pas de cookies et pas de suivi:<\/strong><br \/>Ce site Web ne stocke pas de cookies (petits fichiers texte) sur votre ordinateur. Il ne cr\u00e9e pas non plus de profils d&rsquo;utilisation (\u00e9galement appel\u00e9s suivi Web ou analyse Web).<\/p>\n\t\t\t\t\t\t\t\t<\/div>\n\t\t\t\t<\/div>\n\t\t\t\t\t<\/div>\n\t\t<\/div>\n\t\t\t\t\t<\/div>\n\t\t<\/section>\n\t\t\t\t\t<\/div>\n\t\t<\/div>\n\t\t\t\t\t<\/div>\n\t\t<\/section>\n\t\t\t\t<\/div>\n\t\t","protected":false},"excerpt":{"rendered":"<p>Protection des donn\u00e9es Cher visiteur, cher visiteur de notre site internet, dans cette d\u00e9claration de protection des donn\u00e9es, nous vous expliquons quelles donn\u00e9es sont collect\u00e9es et trait\u00e9es lorsque vous visitez notre site Internet et \u00e0 quoi elles sont utilis\u00e9es. Si vous avez des questions sur la protection des donn\u00e9es avec nous, vous pouvez nous contacter [&hellip;]<\/p>\n","protected":false},"author":2,"featured_media":0,"parent":0,"menu_order":8,"comment_status":"closed","ping_status":"closed","template":"","meta":{"site-sidebar-layout":"no-sidebar","site-content-layout":"page-builder","ast-site-content-layout":"default","site-content-style":"default","site-sidebar-style":"default","ast-global-header-display":"","ast-banner-title-visibility":"","ast-main-header-display":"","ast-hfb-above-header-display":"","ast-hfb-below-header-display":"","ast-hfb-mobile-header-display":"","site-post-title":"disabled","ast-breadcrumbs-content":"disabled","ast-featured-img":"disabled","footer-sml-layout":"","theme-transparent-header-meta":"enabled","adv-header-id-meta":"","stick-header-meta":"","header-above-stick-meta":"","header-main-stick-meta":"","header-below-stick-meta":"","astra-migrate-meta-layouts":"default","ast-page-background-enabled":"default","ast-page-background-meta":{"desktop":{"background-color":"","background-image":"","background-repeat":"repeat","background-position":"center center","background-size":"auto","background-attachment":"scroll","background-type":"","background-media":"","overlay-type":"","overlay-color":"","overlay-opacity":"","overlay-gradient":""},"tablet":{"background-color":"","background-image":"","background-repeat":"repeat","background-position":"center center","background-size":"auto","background-attachment":"scroll","background-type":"","background-media":"","overlay-type":"","overlay-color":"","overlay-opacity":"","overlay-gradient":""},"mobile":{"background-color":"","background-image":"","background-repeat":"repeat","background-position":"center center","background-size":"auto","background-attachment":"scroll","background-type":"","background-media":"","overlay-type":"","overlay-color":"","overlay-opacity":"","overlay-gradient":""}},"ast-content-background-meta":{"desktop":{"background-color":"var(--ast-global-color-5)","background-image":"","background-repeat":"repeat","background-position":"center center","background-size":"auto","background-attachment":"scroll","background-type":"","background-media":"","overlay-type":"","overlay-color":"","overlay-opacity":"","overlay-gradient":""},"tablet":{"background-color":"var(--ast-global-color-5)","background-image":"","background-repeat":"repeat","background-position":"center center","background-size":"auto","background-attachment":"scroll","background-type":"","background-media":"","overlay-type":"","overlay-color":"","overlay-opacity":"","overlay-gradient":""},"mobile":{"background-color":"var(--ast-global-color-5)","background-image":"","background-repeat":"repeat","background-position":"center center","background-size":"auto","background-attachment":"scroll","background-type":"","background-media":"","overlay-type":"","overlay-color":"","overlay-opacity":"","overlay-gradient":""}},"footnotes":""},"class_list":["post-3389","page","type-page","status-publish","hentry"],"yoast_head":"<!-- This site is optimized with the Yoast SEO plugin v27.5 - https:\/\/yoast.com\/product\/yoast-seo-wordpress\/ -->\n<title>Protection des donn\u00e9es - Klingseisen Rings &amp; Partner Patentanw\u00e4lte<\/title>\n<meta name=\"robots\" content=\"index, follow, max-snippet:-1, max-image-preview:large, max-video-preview:-1\" \/>\n<link rel=\"canonical\" href=\"https:\/\/klingseisen.info\/fr\/protection-des-donnees\/\" \/>\n<meta property=\"og:locale\" content=\"fr_FR\" \/>\n<meta property=\"og:type\" content=\"article\" \/>\n<meta property=\"og:title\" content=\"Protection des donn\u00e9es - Klingseisen Rings &amp; Partner Patentanw\u00e4lte\" \/>\n<meta property=\"og:description\" content=\"Protection des donn\u00e9es Cher visiteur, cher visiteur de notre site internet, dans cette d\u00e9claration de protection des donn\u00e9es, nous vous expliquons quelles donn\u00e9es sont collect\u00e9es et trait\u00e9es lorsque vous visitez notre site Internet et \u00e0 quoi elles sont utilis\u00e9es. Si vous avez des questions sur la protection des donn\u00e9es avec nous, vous pouvez nous contacter [&hellip;]\" \/>\n<meta property=\"og:url\" content=\"https:\/\/klingseisen.info\/fr\/protection-des-donnees\/\" \/>\n<meta property=\"og:site_name\" content=\"Klingseisen Rings &amp; Partner Patentanw\u00e4lte\" \/>\n<meta property=\"article:modified_time\" content=\"2024-02-23T09:32:32+00:00\" \/>\n<meta name=\"twitter:card\" content=\"summary_large_image\" \/>\n<meta name=\"twitter:label1\" content=\"Dur\u00e9e de lecture estim\u00e9e\" \/>\n\t<meta name=\"twitter:data1\" content=\"1 minute\" \/>\n<script type=\"application\/ld+json\" class=\"yoast-schema-graph\">{\"@context\":\"https:\\\/\\\/schema.org\",\"@graph\":[{\"@type\":\"WebPage\",\"@id\":\"https:\\\/\\\/klingseisen.info\\\/fr\\\/protection-des-donnees\\\/\",\"url\":\"https:\\\/\\\/klingseisen.info\\\/fr\\\/protection-des-donnees\\\/\",\"name\":\"Protection des donn\u00e9es - Klingseisen Rings &amp; Partner Patentanw\u00e4lte\",\"isPartOf\":{\"@id\":\"https:\\\/\\\/klingseisen.info\\\/fr\\\/#website\"},\"datePublished\":\"2023-04-26T11:34:24+00:00\",\"dateModified\":\"2024-02-23T09:32:32+00:00\",\"breadcrumb\":{\"@id\":\"https:\\\/\\\/klingseisen.info\\\/fr\\\/protection-des-donnees\\\/#breadcrumb\"},\"inLanguage\":\"fr-FR\",\"potentialAction\":[{\"@type\":\"ReadAction\",\"target\":[\"https:\\\/\\\/klingseisen.info\\\/fr\\\/protection-des-donnees\\\/\"]}]},{\"@type\":\"BreadcrumbList\",\"@id\":\"https:\\\/\\\/klingseisen.info\\\/fr\\\/protection-des-donnees\\\/#breadcrumb\",\"itemListElement\":[{\"@type\":\"ListItem\",\"position\":1,\"name\":\"Startseite\",\"item\":\"https:\\\/\\\/klingseisen.info\\\/fr\\\/\"},{\"@type\":\"ListItem\",\"position\":2,\"name\":\"Protection des donn\u00e9es\"}]},{\"@type\":\"WebSite\",\"@id\":\"https:\\\/\\\/klingseisen.info\\\/fr\\\/#website\",\"url\":\"https:\\\/\\\/klingseisen.info\\\/fr\\\/\",\"name\":\"Klingseisen\",\"description\":\"\",\"publisher\":{\"@id\":\"https:\\\/\\\/klingseisen.info\\\/fr\\\/#organization\"},\"potentialAction\":[{\"@type\":\"SearchAction\",\"target\":{\"@type\":\"EntryPoint\",\"urlTemplate\":\"https:\\\/\\\/klingseisen.info\\\/fr\\\/?s={search_term_string}\"},\"query-input\":{\"@type\":\"PropertyValueSpecification\",\"valueRequired\":true,\"valueName\":\"search_term_string\"}}],\"inLanguage\":\"fr-FR\"},{\"@type\":\"Organization\",\"@id\":\"https:\\\/\\\/klingseisen.info\\\/fr\\\/#organization\",\"name\":\"Klingseisen Rings & Partner Patentanw\u00e4lte\",\"alternateName\":\"Klingseisen Rings und Partner Patentanw\u00e4lte\",\"url\":\"https:\\\/\\\/klingseisen.info\\\/fr\\\/\",\"logo\":{\"@type\":\"ImageObject\",\"inLanguage\":\"fr-FR\",\"@id\":\"https:\\\/\\\/klingseisen.info\\\/fr\\\/#\\\/schema\\\/logo\\\/image\\\/\",\"url\":\"https:\\\/\\\/klingseisen.info\\\/wp-content\\\/uploads\\\/2022\\\/12\\\/cropped-Logo-Klingseisen.png\",\"contentUrl\":\"https:\\\/\\\/klingseisen.info\\\/wp-content\\\/uploads\\\/2022\\\/12\\\/cropped-Logo-Klingseisen.png\",\"width\":65,\"height\":68,\"caption\":\"Klingseisen Rings & Partner Patentanw\u00e4lte\"},\"image\":{\"@id\":\"https:\\\/\\\/klingseisen.info\\\/fr\\\/#\\\/schema\\\/logo\\\/image\\\/\"}}]}<\/script>\n<!-- \/ Yoast SEO plugin. -->","yoast_head_json":{"title":"Protection des donn\u00e9es - Klingseisen Rings &amp; Partner Patentanw\u00e4lte","robots":{"index":"index","follow":"follow","max-snippet":"max-snippet:-1","max-image-preview":"max-image-preview:large","max-video-preview":"max-video-preview:-1"},"canonical":"https:\/\/klingseisen.info\/fr\/protection-des-donnees\/","og_locale":"fr_FR","og_type":"article","og_title":"Protection des donn\u00e9es - Klingseisen Rings &amp; Partner Patentanw\u00e4lte","og_description":"Protection des donn\u00e9es Cher visiteur, cher visiteur de notre site internet, dans cette d\u00e9claration de protection des donn\u00e9es, nous vous expliquons quelles donn\u00e9es sont collect\u00e9es et trait\u00e9es lorsque vous visitez notre site Internet et \u00e0 quoi elles sont utilis\u00e9es. Si vous avez des questions sur la protection des donn\u00e9es avec nous, vous pouvez nous contacter [&hellip;]","og_url":"https:\/\/klingseisen.info\/fr\/protection-des-donnees\/","og_site_name":"Klingseisen Rings &amp; Partner Patentanw\u00e4lte","article_modified_time":"2024-02-23T09:32:32+00:00","twitter_card":"summary_large_image","twitter_misc":{"Dur\u00e9e de lecture estim\u00e9e":"1 minute"},"schema":{"@context":"https:\/\/schema.org","@graph":[{"@type":"WebPage","@id":"https:\/\/klingseisen.info\/fr\/protection-des-donnees\/","url":"https:\/\/klingseisen.info\/fr\/protection-des-donnees\/","name":"Protection des donn\u00e9es - Klingseisen Rings &amp; Partner Patentanw\u00e4lte","isPartOf":{"@id":"https:\/\/klingseisen.info\/fr\/#website"},"datePublished":"2023-04-26T11:34:24+00:00","dateModified":"2024-02-23T09:32:32+00:00","breadcrumb":{"@id":"https:\/\/klingseisen.info\/fr\/protection-des-donnees\/#breadcrumb"},"inLanguage":"fr-FR","potentialAction":[{"@type":"ReadAction","target":["https:\/\/klingseisen.info\/fr\/protection-des-donnees\/"]}]},{"@type":"BreadcrumbList","@id":"https:\/\/klingseisen.info\/fr\/protection-des-donnees\/#breadcrumb","itemListElement":[{"@type":"ListItem","position":1,"name":"Startseite","item":"https:\/\/klingseisen.info\/fr\/"},{"@type":"ListItem","position":2,"name":"Protection des donn\u00e9es"}]},{"@type":"WebSite","@id":"https:\/\/klingseisen.info\/fr\/#website","url":"https:\/\/klingseisen.info\/fr\/","name":"Klingseisen","description":"","publisher":{"@id":"https:\/\/klingseisen.info\/fr\/#organization"},"potentialAction":[{"@type":"SearchAction","target":{"@type":"EntryPoint","urlTemplate":"https:\/\/klingseisen.info\/fr\/?s={search_term_string}"},"query-input":{"@type":"PropertyValueSpecification","valueRequired":true,"valueName":"search_term_string"}}],"inLanguage":"fr-FR"},{"@type":"Organization","@id":"https:\/\/klingseisen.info\/fr\/#organization","name":"Klingseisen Rings & Partner Patentanw\u00e4lte","alternateName":"Klingseisen Rings und Partner Patentanw\u00e4lte","url":"https:\/\/klingseisen.info\/fr\/","logo":{"@type":"ImageObject","inLanguage":"fr-FR","@id":"https:\/\/klingseisen.info\/fr\/#\/schema\/logo\/image\/","url":"https:\/\/klingseisen.info\/wp-content\/uploads\/2022\/12\/cropped-Logo-Klingseisen.png","contentUrl":"https:\/\/klingseisen.info\/wp-content\/uploads\/2022\/12\/cropped-Logo-Klingseisen.png","width":65,"height":68,"caption":"Klingseisen Rings & Partner Patentanw\u00e4lte"},"image":{"@id":"https:\/\/klingseisen.info\/fr\/#\/schema\/logo\/image\/"}}]}},"_links":{"self":[{"href":"https:\/\/klingseisen.info\/fr\/wp-json\/wp\/v2\/pages\/3389","targetHints":{"allow":["GET"]}}],"collection":[{"href":"https:\/\/klingseisen.info\/fr\/wp-json\/wp\/v2\/pages"}],"about":[{"href":"https:\/\/klingseisen.info\/fr\/wp-json\/wp\/v2\/types\/page"}],"author":[{"embeddable":true,"href":"https:\/\/klingseisen.info\/fr\/wp-json\/wp\/v2\/users\/2"}],"replies":[{"embeddable":true,"href":"https:\/\/klingseisen.info\/fr\/wp-json\/wp\/v2\/comments?post=3389"}],"version-history":[{"count":2,"href":"https:\/\/klingseisen.info\/fr\/wp-json\/wp\/v2\/pages\/3389\/revisions"}],"predecessor-version":[{"id":4110,"href":"https:\/\/klingseisen.info\/fr\/wp-json\/wp\/v2\/pages\/3389\/revisions\/4110"}],"wp:attachment":[{"href":"https:\/\/klingseisen.info\/fr\/wp-json\/wp\/v2\/media?parent=3389"}],"curies":[{"name":"wp","href":"https:\/\/api.w.org\/{rel}","templated":true}]}}