{"id":3287,"date":"2023-01-24T11:02:26","date_gmt":"2023-01-24T11:02:26","guid":{"rendered":"https:\/\/klingseisen.info\/legal-notice\/"},"modified":"2024-10-25T13:53:15","modified_gmt":"2024-10-25T13:53:15","slug":"legal-notice","status":"publish","type":"page","link":"https:\/\/klingseisen.info\/en\/legal-notice\/","title":{"rendered":"Legal notice"},"content":{"rendered":"\t\t<div data-elementor-type=\"wp-page\" data-elementor-id=\"3287\" class=\"elementor elementor-3287 elementor-1481\" data-elementor-post-type=\"page\">\n\t\t\t\t\t\t<section class=\"elementor-section elementor-top-section elementor-element elementor-element-451c681 elementor-section-content-top elementor-section-boxed elementor-section-height-default elementor-section-height-default\" data-id=\"451c681\" data-element_type=\"section\" data-e-type=\"section\" data-settings=\"{&quot;background_background&quot;:&quot;classic&quot;}\">\n\t\t\t\t\t\t<div class=\"elementor-container elementor-column-gap-no\">\n\t\t\t\t\t<div class=\"elementor-column elementor-col-100 elementor-top-column elementor-element elementor-element-8c32a65\" data-id=\"8c32a65\" data-element_type=\"column\" data-e-type=\"column\">\n\t\t\t<div class=\"elementor-widget-wrap elementor-element-populated\">\n\t\t\t\t\t\t<section class=\"elementor-section elementor-inner-section elementor-element elementor-element-1a32bda elementor-section-content-top elementor-section-boxed elementor-section-height-default elementor-section-height-default\" data-id=\"1a32bda\" data-element_type=\"section\" data-e-type=\"section\">\n\t\t\t\t\t\t<div class=\"elementor-container elementor-column-gap-no\">\n\t\t\t\t\t<div class=\"elementor-column elementor-col-100 elementor-inner-column elementor-element elementor-element-9f0fdf8\" data-id=\"9f0fdf8\" data-element_type=\"column\" data-e-type=\"column\">\n\t\t\t<div class=\"elementor-widget-wrap elementor-element-populated\">\n\t\t\t\t\t\t<div class=\"elementor-element elementor-element-c67d21d elementor-widget elementor-widget-heading\" data-id=\"c67d21d\" data-element_type=\"widget\" data-e-type=\"widget\" data-widget_type=\"heading.default\">\n\t\t\t\t<div class=\"elementor-widget-container\">\n\t\t\t\t\t<h2 class=\"elementor-heading-title elementor-size-default\">Legal notice<\/h2>\t\t\t\t<\/div>\n\t\t\t\t<\/div>\n\t\t\t\t\t<\/div>\n\t\t<\/div>\n\t\t\t\t\t<\/div>\n\t\t<\/section>\n\t\t\t\t<section class=\"elementor-section elementor-inner-section elementor-element elementor-element-ba824eb elementor-section-content-middle elementor-section-boxed elementor-section-height-default elementor-section-height-default\" data-id=\"ba824eb\" data-element_type=\"section\" data-e-type=\"section\">\n\t\t\t\t\t\t<div class=\"elementor-container elementor-column-gap-no\">\n\t\t\t\t\t<div class=\"elementor-column elementor-col-100 elementor-inner-column elementor-element elementor-element-98cf744\" data-id=\"98cf744\" data-element_type=\"column\" data-e-type=\"column\">\n\t\t\t<div class=\"elementor-widget-wrap elementor-element-populated\">\n\t\t\t\t\t\t<div class=\"elementor-element elementor-element-7f30df3 elementor-widget elementor-widget-text-editor\" data-id=\"7f30df3\" data-element_type=\"widget\" data-e-type=\"widget\" data-widget_type=\"text-editor.default\">\n\t\t\t\t<div class=\"elementor-widget-container\">\n\t\t\t\t\t\t\t\t\t<p><strong>Klingseisen Rings &amp; Partner<\/strong><br \/>Patentanw\u00e4lte<br \/>Br\u00e4uhausstra\u00dfe 2<br \/>80331 M\u00fcnchen<\/p><p>\u00a0<\/p><p><strong>Responsible person:<\/strong><\/p><p>according to \u00a7 6 TDG: Rolf Rings<\/p><p>\u00a0<\/p><p><strong>Partnerschaft Nr.:<\/strong><\/p><p>PR634 M\u00fcnchen<\/p><p>\u00a0<\/p><p><strong>Professional liability insurance<\/strong><br \/>ERGO Versicherung AG<br \/>Victoriaplatz 1<br \/>40477 D\u00fcsseldorf<\/p><p>Scope: worldwide<\/p><p>VAT-No.: DE 614 714 321<\/p>\t\t\t\t\t\t\t\t<\/div>\n\t\t\t\t<\/div>\n\t\t\t\t\t<\/div>\n\t\t<\/div>\n\t\t\t\t\t<\/div>\n\t\t<\/section>\n\t\t\t\t<section class=\"elementor-section elementor-inner-section elementor-element elementor-element-34671ce elementor-section-content-middle elementor-section-boxed elementor-section-height-default elementor-section-height-default\" data-id=\"34671ce\" data-element_type=\"section\" data-e-type=\"section\">\n\t\t\t\t\t\t<div class=\"elementor-container elementor-column-gap-no\">\n\t\t\t\t\t<div class=\"elementor-column elementor-col-100 elementor-inner-column elementor-element elementor-element-4acd443\" data-id=\"4acd443\" data-element_type=\"column\" data-e-type=\"column\">\n\t\t\t<div class=\"elementor-widget-wrap elementor-element-populated\">\n\t\t\t\t\t\t<div class=\"elementor-element elementor-element-e743273 elementor-widget elementor-widget-text-editor\" data-id=\"e743273\" data-element_type=\"widget\" data-e-type=\"widget\" data-widget_type=\"text-editor.default\">\n\t\t\t\t<div class=\"elementor-widget-container\">\n\t\t\t\t\t\t\t\t\t<p>According to \u00a7 6 TDG (Telemediengesetz) we indicate that all partners of the law firm are German Patent Attorneys (Patentanw\u00e4lte) and registered representatives (European Patent Attorneys) before the European Patent Office in Munich and before the Office of the European Union for Trade Marks and Designs (OHIM) in Alicante, Spain (European Trademark Attorneys). The partners are furthermore members of the German patent attorneys bar (PAK \u2013 Patentanwaltskammer) and the Institute of European Patent Attorneys (epi). The patent attorneys are bound to the following laws: Patentanwaltsordnung (BGBl. I 1966, p. 557, latest amendment BGBl. I 2001, p. 3656), Berufsordnung der Patentanw\u00e4lte (Mitt. der Patentanw\u00e4lte 1997, p. 243 et seq.) Standesrichtlinien der Internationalen F\u00f6deration von Patentanw\u00e4lten (FICPI) and the \u201cCode of Professional Conduct\u201d of epi (epi-information 2\/2001, p. 75).<\/p>\n<p>The logo &#8220;ring and tetrahedron&#8221; is a German trademark registered with the German Patent and Trademark Office under the registration no. 307 83 241.<\/p>\n\t\t\t\t\t\t\t\t<\/div>\n\t\t\t\t<\/div>\n\t\t\t\t\t<\/div>\n\t\t<\/div>\n\t\t\t\t\t<\/div>\n\t\t<\/section>\n\t\t\t\t<section class=\"elementor-section elementor-inner-section elementor-element elementor-element-dc6421c elementor-section-content-middle elementor-section-boxed elementor-section-height-default elementor-section-height-default\" data-id=\"dc6421c\" data-element_type=\"section\" data-e-type=\"section\">\n\t\t\t\t\t\t<div class=\"elementor-container elementor-column-gap-no\">\n\t\t\t\t\t<div class=\"elementor-column elementor-col-100 elementor-inner-column elementor-element elementor-element-5d73f1e\" data-id=\"5d73f1e\" data-element_type=\"column\" data-e-type=\"column\">\n\t\t\t<div class=\"elementor-widget-wrap elementor-element-populated\">\n\t\t\t\t\t\t<div class=\"elementor-element elementor-element-8b3fa46 elementor-widget elementor-widget-text-editor\" data-id=\"8b3fa46\" data-element_type=\"widget\" data-e-type=\"widget\" data-widget_type=\"text-editor.default\">\n\t\t\t\t<div class=\"elementor-widget-container\">\n\t\t\t\t\t\t\t\t\t<p><strong>Webdesign<\/strong><br>rankeffect digital GmbH<br>https:\/\/www.rankeffect.de\/online-marketing-agentur\/webdesign-agentur-muenchen<br><\/p>\t\t\t\t\t\t\t\t<\/div>\n\t\t\t\t<\/div>\n\t\t\t\t\t<\/div>\n\t\t<\/div>\n\t\t\t\t\t<\/div>\n\t\t<\/section>\n\t\t\t\t\t<\/div>\n\t\t<\/div>\n\t\t\t\t\t<\/div>\n\t\t<\/section>\n\t\t\t\t<\/div>\n\t\t","protected":false},"excerpt":{"rendered":"<p>Legal notice Klingseisen Rings &amp; PartnerPatentanw\u00e4lteBr\u00e4uhausstra\u00dfe 280331 M\u00fcnchen \u00a0 Responsible person: according to \u00a7 6 TDG: Rolf Rings \u00a0 Partnerschaft Nr.: PR634 M\u00fcnchen \u00a0 Professional liability insuranceERGO Versicherung AGVictoriaplatz 140477 D\u00fcsseldorf Scope: worldwide VAT-No.: DE 614 714 321 According to \u00a7 6 TDG (Telemediengesetz) we indicate that all partners of the law firm are German [&hellip;]<\/p>\n","protected":false},"author":2,"featured_media":0,"parent":0,"menu_order":8,"comment_status":"closed","ping_status":"closed","template":"","meta":{"site-sidebar-layout":"no-sidebar","site-content-layout":"page-builder","ast-site-content-layout":"default","site-content-style":"default","site-sidebar-style":"default","ast-global-header-display":"","ast-banner-title-visibility":"","ast-main-header-display":"","ast-hfb-above-header-display":"","ast-hfb-below-header-display":"","ast-hfb-mobile-header-display":"","site-post-title":"disabled","ast-breadcrumbs-content":"disabled","ast-featured-img":"disabled","footer-sml-layout":"","theme-transparent-header-meta":"enabled","adv-header-id-meta":"","stick-header-meta":"","header-above-stick-meta":"","header-main-stick-meta":"","header-below-stick-meta":"","astra-migrate-meta-layouts":"default","ast-page-background-enabled":"default","ast-page-background-meta":{"desktop":{"background-color":"","background-image":"","background-repeat":"repeat","background-position":"center center","background-size":"auto","background-attachment":"scroll","background-type":"","background-media":"","overlay-type":"","overlay-color":"","overlay-opacity":"","overlay-gradient":""},"tablet":{"background-color":"","background-image":"","background-repeat":"repeat","background-position":"center center","background-size":"auto","background-attachment":"scroll","background-type":"","background-media":"","overlay-type":"","overlay-color":"","overlay-opacity":"","overlay-gradient":""},"mobile":{"background-color":"","background-image":"","background-repeat":"repeat","background-position":"center center","background-size":"auto","background-attachment":"scroll","background-type":"","background-media":"","overlay-type":"","overlay-color":"","overlay-opacity":"","overlay-gradient":""}},"ast-content-background-meta":{"desktop":{"background-color":"var(--ast-global-color-5)","background-image":"","background-repeat":"repeat","background-position":"center center","background-size":"auto","background-attachment":"scroll","background-type":"","background-media":"","overlay-type":"","overlay-color":"","overlay-opacity":"","overlay-gradient":""},"tablet":{"background-color":"var(--ast-global-color-5)","background-image":"","background-repeat":"repeat","background-position":"center center","background-size":"auto","background-attachment":"scroll","background-type":"","background-media":"","overlay-type":"","overlay-color":"","overlay-opacity":"","overlay-gradient":""},"mobile":{"background-color":"var(--ast-global-color-5)","background-image":"","background-repeat":"repeat","background-position":"center center","background-size":"auto","background-attachment":"scroll","background-type":"","background-media":"","overlay-type":"","overlay-color":"","overlay-opacity":"","overlay-gradient":""}},"footnotes":""},"class_list":["post-3287","page","type-page","status-publish","hentry"],"yoast_head":"<!-- This site is optimized with the Yoast SEO plugin v27.5 - https:\/\/yoast.com\/product\/yoast-seo-wordpress\/ -->\n<title>Legal notice - Klingseisen Rings &amp; Partner Patentanw\u00e4lte<\/title>\n<meta name=\"robots\" content=\"index, follow, max-snippet:-1, max-image-preview:large, max-video-preview:-1\" \/>\n<link rel=\"canonical\" href=\"https:\/\/klingseisen.info\/en\/legal-notice\/\" \/>\n<meta property=\"og:locale\" content=\"en_US\" \/>\n<meta property=\"og:type\" content=\"article\" \/>\n<meta property=\"og:title\" content=\"Legal notice - Klingseisen Rings &amp; Partner Patentanw\u00e4lte\" \/>\n<meta property=\"og:description\" content=\"Legal notice Klingseisen Rings &amp; PartnerPatentanw\u00e4lteBr\u00e4uhausstra\u00dfe 280331 M\u00fcnchen \u00a0 Responsible person: according to \u00a7 6 TDG: Rolf Rings \u00a0 Partnerschaft Nr.: PR634 M\u00fcnchen \u00a0 Professional liability insuranceERGO Versicherung AGVictoriaplatz 140477 D\u00fcsseldorf Scope: worldwide VAT-No.: DE 614 714 321 According to \u00a7 6 TDG (Telemediengesetz) we indicate that all partners of the law firm are German [&hellip;]\" \/>\n<meta property=\"og:url\" content=\"https:\/\/klingseisen.info\/en\/legal-notice\/\" \/>\n<meta property=\"og:site_name\" content=\"Klingseisen Rings &amp; Partner Patentanw\u00e4lte\" \/>\n<meta property=\"article:modified_time\" content=\"2024-10-25T13:53:15+00:00\" \/>\n<meta name=\"twitter:card\" content=\"summary_large_image\" \/>\n<meta name=\"twitter:label1\" content=\"Est. reading time\" \/>\n\t<meta name=\"twitter:data1\" content=\"1 minute\" \/>\n<script type=\"application\/ld+json\" class=\"yoast-schema-graph\">{\"@context\":\"https:\\\/\\\/schema.org\",\"@graph\":[{\"@type\":\"WebPage\",\"@id\":\"https:\\\/\\\/klingseisen.info\\\/en\\\/legal-notice\\\/\",\"url\":\"https:\\\/\\\/klingseisen.info\\\/en\\\/legal-notice\\\/\",\"name\":\"Legal notice - Klingseisen Rings &amp; Partner Patentanw\u00e4lte\",\"isPartOf\":{\"@id\":\"https:\\\/\\\/klingseisen.info\\\/en\\\/#website\"},\"datePublished\":\"2023-01-24T11:02:26+00:00\",\"dateModified\":\"2024-10-25T13:53:15+00:00\",\"breadcrumb\":{\"@id\":\"https:\\\/\\\/klingseisen.info\\\/en\\\/legal-notice\\\/#breadcrumb\"},\"inLanguage\":\"en-US\",\"potentialAction\":[{\"@type\":\"ReadAction\",\"target\":[\"https:\\\/\\\/klingseisen.info\\\/en\\\/legal-notice\\\/\"]}]},{\"@type\":\"BreadcrumbList\",\"@id\":\"https:\\\/\\\/klingseisen.info\\\/en\\\/legal-notice\\\/#breadcrumb\",\"itemListElement\":[{\"@type\":\"ListItem\",\"position\":1,\"name\":\"Startseite\",\"item\":\"https:\\\/\\\/klingseisen.info\\\/en\\\/\"},{\"@type\":\"ListItem\",\"position\":2,\"name\":\"Legal notice\"}]},{\"@type\":\"WebSite\",\"@id\":\"https:\\\/\\\/klingseisen.info\\\/en\\\/#website\",\"url\":\"https:\\\/\\\/klingseisen.info\\\/en\\\/\",\"name\":\"Klingseisen\",\"description\":\"\",\"publisher\":{\"@id\":\"https:\\\/\\\/klingseisen.info\\\/en\\\/#organization\"},\"potentialAction\":[{\"@type\":\"SearchAction\",\"target\":{\"@type\":\"EntryPoint\",\"urlTemplate\":\"https:\\\/\\\/klingseisen.info\\\/en\\\/?s={search_term_string}\"},\"query-input\":{\"@type\":\"PropertyValueSpecification\",\"valueRequired\":true,\"valueName\":\"search_term_string\"}}],\"inLanguage\":\"en-US\"},{\"@type\":\"Organization\",\"@id\":\"https:\\\/\\\/klingseisen.info\\\/en\\\/#organization\",\"name\":\"Klingseisen Rings & Partner Patentanw\u00e4lte\",\"alternateName\":\"Klingseisen Rings und Partner Patentanw\u00e4lte\",\"url\":\"https:\\\/\\\/klingseisen.info\\\/en\\\/\",\"logo\":{\"@type\":\"ImageObject\",\"inLanguage\":\"en-US\",\"@id\":\"https:\\\/\\\/klingseisen.info\\\/en\\\/#\\\/schema\\\/logo\\\/image\\\/\",\"url\":\"https:\\\/\\\/klingseisen.info\\\/wp-content\\\/uploads\\\/2022\\\/12\\\/cropped-Logo-Klingseisen.png\",\"contentUrl\":\"https:\\\/\\\/klingseisen.info\\\/wp-content\\\/uploads\\\/2022\\\/12\\\/cropped-Logo-Klingseisen.png\",\"width\":65,\"height\":68,\"caption\":\"Klingseisen Rings & Partner Patentanw\u00e4lte\"},\"image\":{\"@id\":\"https:\\\/\\\/klingseisen.info\\\/en\\\/#\\\/schema\\\/logo\\\/image\\\/\"}}]}<\/script>\n<!-- \/ Yoast SEO plugin. -->","yoast_head_json":{"title":"Legal notice - Klingseisen Rings &amp; Partner Patentanw\u00e4lte","robots":{"index":"index","follow":"follow","max-snippet":"max-snippet:-1","max-image-preview":"max-image-preview:large","max-video-preview":"max-video-preview:-1"},"canonical":"https:\/\/klingseisen.info\/en\/legal-notice\/","og_locale":"en_US","og_type":"article","og_title":"Legal notice - Klingseisen Rings &amp; Partner Patentanw\u00e4lte","og_description":"Legal notice Klingseisen Rings &amp; PartnerPatentanw\u00e4lteBr\u00e4uhausstra\u00dfe 280331 M\u00fcnchen \u00a0 Responsible person: according to \u00a7 6 TDG: Rolf Rings \u00a0 Partnerschaft Nr.: PR634 M\u00fcnchen \u00a0 Professional liability insuranceERGO Versicherung AGVictoriaplatz 140477 D\u00fcsseldorf Scope: worldwide VAT-No.: DE 614 714 321 According to \u00a7 6 TDG (Telemediengesetz) we indicate that all partners of the law firm are German [&hellip;]","og_url":"https:\/\/klingseisen.info\/en\/legal-notice\/","og_site_name":"Klingseisen Rings &amp; Partner Patentanw\u00e4lte","article_modified_time":"2024-10-25T13:53:15+00:00","twitter_card":"summary_large_image","twitter_misc":{"Est. reading time":"1 minute"},"schema":{"@context":"https:\/\/schema.org","@graph":[{"@type":"WebPage","@id":"https:\/\/klingseisen.info\/en\/legal-notice\/","url":"https:\/\/klingseisen.info\/en\/legal-notice\/","name":"Legal notice - Klingseisen Rings &amp; Partner Patentanw\u00e4lte","isPartOf":{"@id":"https:\/\/klingseisen.info\/en\/#website"},"datePublished":"2023-01-24T11:02:26+00:00","dateModified":"2024-10-25T13:53:15+00:00","breadcrumb":{"@id":"https:\/\/klingseisen.info\/en\/legal-notice\/#breadcrumb"},"inLanguage":"en-US","potentialAction":[{"@type":"ReadAction","target":["https:\/\/klingseisen.info\/en\/legal-notice\/"]}]},{"@type":"BreadcrumbList","@id":"https:\/\/klingseisen.info\/en\/legal-notice\/#breadcrumb","itemListElement":[{"@type":"ListItem","position":1,"name":"Startseite","item":"https:\/\/klingseisen.info\/en\/"},{"@type":"ListItem","position":2,"name":"Legal notice"}]},{"@type":"WebSite","@id":"https:\/\/klingseisen.info\/en\/#website","url":"https:\/\/klingseisen.info\/en\/","name":"Klingseisen","description":"","publisher":{"@id":"https:\/\/klingseisen.info\/en\/#organization"},"potentialAction":[{"@type":"SearchAction","target":{"@type":"EntryPoint","urlTemplate":"https:\/\/klingseisen.info\/en\/?s={search_term_string}"},"query-input":{"@type":"PropertyValueSpecification","valueRequired":true,"valueName":"search_term_string"}}],"inLanguage":"en-US"},{"@type":"Organization","@id":"https:\/\/klingseisen.info\/en\/#organization","name":"Klingseisen Rings & Partner Patentanw\u00e4lte","alternateName":"Klingseisen Rings und Partner Patentanw\u00e4lte","url":"https:\/\/klingseisen.info\/en\/","logo":{"@type":"ImageObject","inLanguage":"en-US","@id":"https:\/\/klingseisen.info\/en\/#\/schema\/logo\/image\/","url":"https:\/\/klingseisen.info\/wp-content\/uploads\/2022\/12\/cropped-Logo-Klingseisen.png","contentUrl":"https:\/\/klingseisen.info\/wp-content\/uploads\/2022\/12\/cropped-Logo-Klingseisen.png","width":65,"height":68,"caption":"Klingseisen Rings & Partner Patentanw\u00e4lte"},"image":{"@id":"https:\/\/klingseisen.info\/en\/#\/schema\/logo\/image\/"}}]}},"_links":{"self":[{"href":"https:\/\/klingseisen.info\/en\/wp-json\/wp\/v2\/pages\/3287","targetHints":{"allow":["GET"]}}],"collection":[{"href":"https:\/\/klingseisen.info\/en\/wp-json\/wp\/v2\/pages"}],"about":[{"href":"https:\/\/klingseisen.info\/en\/wp-json\/wp\/v2\/types\/page"}],"author":[{"embeddable":true,"href":"https:\/\/klingseisen.info\/en\/wp-json\/wp\/v2\/users\/2"}],"replies":[{"embeddable":true,"href":"https:\/\/klingseisen.info\/en\/wp-json\/wp\/v2\/comments?post=3287"}],"version-history":[{"count":9,"href":"https:\/\/klingseisen.info\/en\/wp-json\/wp\/v2\/pages\/3287\/revisions"}],"predecessor-version":[{"id":4180,"href":"https:\/\/klingseisen.info\/en\/wp-json\/wp\/v2\/pages\/3287\/revisions\/4180"}],"wp:attachment":[{"href":"https:\/\/klingseisen.info\/en\/wp-json\/wp\/v2\/media?parent=3287"}],"curies":[{"name":"wp","href":"https:\/\/api.w.org\/{rel}","templated":true}]}}